{"id":9969,"date":"2024-09-09T13:13:03","date_gmt":"2024-09-09T11:13:03","guid":{"rendered":"https:\/\/vallentindressage.dk\/we-offer\/"},"modified":"2025-01-10T10:59:40","modified_gmt":"2025-01-10T09:59:40","slug":"we-offer","status":"publish","type":"page","link":"https:\/\/vallentindressage.dk\/en\/we-offer\/","title":{"rendered":"We Offer"},"content":{"rendered":"\t\t<div data-elementor-type=\"wp-page\" data-elementor-id=\"9969\" class=\"elementor elementor-9969 elementor-8730\" data-elementor-post-type=\"page\">\n\t\t\t\t<div class=\"elementor-element elementor-element-6921e48 e-flex e-con-boxed e-con e-parent\" data-id=\"6921e48\" data-element_type=\"container\" data-settings=\"{&quot;background_background&quot;:&quot;classic&quot;}\">\n\t\t\t\t\t<div class=\"e-con-inner\">\n\t\t\t\t<div class=\"elementor-element elementor-element-d7ea074 elementor-widget__width-initial elementor-widget elementor-widget-heading\" data-id=\"d7ea074\" data-element_type=\"widget\" data-settings=\"{&quot;_animation&quot;:&quot;none&quot;,&quot;_animation_delay&quot;:400}\" data-widget_type=\"heading.default\">\n\t\t\t\t<div class=\"elementor-widget-container\">\n\t\t\t<style>\/*! elementor - v3.23.0 - 05-08-2024 *\/\n.elementor-heading-title{padding:0;margin:0;line-height:1}.elementor-widget-heading .elementor-heading-title[class*=elementor-size-]>a{color:inherit;font-size:inherit;line-height:inherit}.elementor-widget-heading .elementor-heading-title.elementor-size-small{font-size:15px}.elementor-widget-heading .elementor-heading-title.elementor-size-medium{font-size:19px}.elementor-widget-heading .elementor-heading-title.elementor-size-large{font-size:29px}.elementor-widget-heading .elementor-heading-title.elementor-size-xl{font-size:39px}.elementor-widget-heading .elementor-heading-title.elementor-size-xxl{font-size:59px}<\/style><h3 class=\"elementor-heading-title elementor-size-default\">We Offer<\/h3>\t\t<\/div>\n\t\t\t\t<\/div>\n\t\t\t\t\t<\/div>\n\t\t\t\t<\/div>\n\t\t<div class=\"elementor-element elementor-element-6759b80 e-flex e-con-boxed e-con e-parent\" data-id=\"6759b80\" data-element_type=\"container\">\n\t\t\t\t\t<div class=\"e-con-inner\">\n\t\t<div class=\"elementor-element elementor-element-28b8801 e-con-full e-flex e-con e-child\" data-id=\"28b8801\" data-element_type=\"container\">\n\t\t<div class=\"elementor-element elementor-element-8740d95 e-con-full e-flex e-con e-child\" data-id=\"8740d95\" data-element_type=\"container\">\n\t\t\t\t<div class=\"elementor-element elementor-element-ef092c4 elementor-widget elementor-widget-ucaddon_image_zoom_content_box\" data-id=\"ef092c4\" data-element_type=\"widget\" data-widget_type=\"ucaddon_image_zoom_content_box.default\">\n\t\t\t\t<div class=\"elementor-widget-container\">\n\t\t\t\n<!-- start Image Zoom Content Box -->\n<style>\/* widget: Image Zoom Content Box *\/\n\n.uc_content_box_zoom_effect *{\n\tpadding: 0;\n}\n#uc_image_zoom_content_box_elementor_ef092c4 {\n\tbackground-color: #fff;\n\ttransition: all 0.8s ease 0s;\n    overflow:hidden;\n    display:flex;\n}\n\n.uc_content_box_zoom_effect:hover .uc_image {\n\ttransition: all 0.8s ease 0s;\n}\n\n.uc_content_box_zoom_effect .uc_thumbnail {\n\tdisplay: block;\n\toverflow: hidden;\n\ttext-decoration: none;\n    flex-shrink:0;\n    flex-grow:0;\n  \n}\n#uc_image_zoom_content_box_elementor_ef092c4 .uc_image {\n\twidth: 100%;\n\ttransition: all 0.8s ease 0s;\n    mix-blend-mode: normal;\n    object-position: center center;\n    display:block;\n}\n.uc_content_box_zoom_effect .uc_title {\n\tdisplay: block;\n\tfont-size: 24px;\n\ttext-decoration: none;\n}\n.uc_content_box_zoom_effect .uc_content {\n\tline-height:1.5em;\n    \n}\n#uc_image_zoom_content_box_elementor_ef092c4 .uc_more {\n\tdisplay: ;\n\tcolor: #ffffff;\n\ttext-decoration: none;\n    background-color:#5e5e5e;\n   \n}\n\n#uc_image_zoom_content_box_elementor_ef092c4 .uc_more:hover {\n    background-color:#000000;\n    color:#ffffff;\n}\n\n#uc_image_zoom_content_box_elementor_ef092c4 .uc_content_box_zoom_effect_image\n{\nobject-fit:cover;\n}\n\n<\/style>\n\n<div class=\"uc_content_box_zoom_effect ue-box ue-boxcolumn\" id=\"uc_image_zoom_content_box_elementor_ef092c4\"> \n  \n  \n    <div class=\"uc_thumbnail\">\n      <a href=\"https:\/\/vallentindressage.dk\/ridning-kommission\/\" >  \t      <img fetchpriority=\"high\" decoding=\"async\" class=\"uc_image uc_content_box_zoom_effect_image\" src=\"https:\/\/vallentindressage.dk\/wp-content\/uploads\/2024\/11\/Picture3-768x511.jpg\"  src=\"https:\/\/vallentindressage.dk\/wp-content\/uploads\/2024\/11\/Picture3-768x511.jpg\" alt=\"Picture3\" width=\"768\" height=\"511\" \/>\n      <\/a>    <\/div>\n  \n  \n  <div class=\"uc_content_box_zoom_effect_content\">\n             <a href=\"https:\/\/vallentindressage.dk\/ridning-kommission\/\" >                   <h2 class=\"uc_title\">Riding\/Commission<\/h2>\n        <\/a>        <div class=\"uc_content\" style=\"text-align:center;\"><p>Read more<\/p>\n<\/div>      <\/div>\n<\/div>\n<!-- end Image Zoom Content Box -->\t\t<\/div>\n\t\t\t\t<\/div>\n\t\t\t\t<\/div>\n\t\t<div class=\"elementor-element elementor-element-0652a84 e-con-full e-flex e-con e-child\" data-id=\"0652a84\" data-element_type=\"container\">\n\t\t\t\t<div class=\"elementor-element elementor-element-f5889a0 elementor-widget elementor-widget-ucaddon_image_zoom_content_box\" data-id=\"f5889a0\" data-element_type=\"widget\" data-widget_type=\"ucaddon_image_zoom_content_box.default\">\n\t\t\t\t<div class=\"elementor-widget-container\">\n\t\t\t\n<!-- start Image Zoom Content Box -->\n<style>\/* widget: Image Zoom Content Box *\/\n\n.uc_content_box_zoom_effect *{\n\tpadding: 0;\n}\n#uc_image_zoom_content_box_elementor_f5889a0 {\n\tbackground-color: #fff;\n\ttransition: all 0.8s ease 0s;\n    overflow:hidden;\n    display:flex;\n}\n\n.uc_content_box_zoom_effect:hover .uc_image {\n\ttransition: all 0.8s ease 0s;\n}\n\n.uc_content_box_zoom_effect .uc_thumbnail {\n\tdisplay: block;\n\toverflow: hidden;\n\ttext-decoration: none;\n    flex-shrink:0;\n    flex-grow:0;\n  \n}\n#uc_image_zoom_content_box_elementor_f5889a0 .uc_image {\n\twidth: 100%;\n\ttransition: all 0.8s ease 0s;\n    mix-blend-mode: normal;\n    object-position: center center;\n    display:block;\n}\n.uc_content_box_zoom_effect .uc_title {\n\tdisplay: block;\n\tfont-size: 24px;\n\ttext-decoration: none;\n}\n.uc_content_box_zoom_effect .uc_content {\n\tline-height:1.5em;\n    \n}\n#uc_image_zoom_content_box_elementor_f5889a0 .uc_more {\n\tdisplay: ;\n\tcolor: #ffffff;\n\ttext-decoration: none;\n    background-color:#5e5e5e;\n   \n}\n\n#uc_image_zoom_content_box_elementor_f5889a0 .uc_more:hover {\n    background-color:#000000;\n    color:#ffffff;\n}\n\n#uc_image_zoom_content_box_elementor_f5889a0 .uc_content_box_zoom_effect_image\n{\nobject-fit:cover;\n}\n\n<\/style>\n\n<div class=\"uc_content_box_zoom_effect ue-box ue-boxcolumn\" id=\"uc_image_zoom_content_box_elementor_f5889a0\"> \n  \n  \n    <div class=\"uc_thumbnail\">\n      <a href=\"https:\/\/vallentindressage.dk\/undervisning-kursus\/\" >  \t      <img decoding=\"async\" class=\"uc_image uc_content_box_zoom_effect_image\" src=\"https:\/\/vallentindressage.dk\/wp-content\/uploads\/2024\/06\/nyheder-1-1-768x713.jpeg\"  src=\"https:\/\/vallentindressage.dk\/wp-content\/uploads\/2024\/06\/nyheder-1-1-768x713.jpeg\" alt=\"Stolt ridepige med certificering efter endt rideundervisning.\" width=\"768\" height=\"713\" \/>\n      <\/a>    <\/div>\n  \n  \n  <div class=\"uc_content_box_zoom_effect_content\">\n             <a href=\"https:\/\/vallentindressage.dk\/undervisning-kursus\/\" >                   <h2 class=\"uc_title\"> Training\/Course<\/h2>\n        <\/a>        <div class=\"uc_content\" style=\"text-align:center;\"><p>Read more<\/p>\n<\/div>      <\/div>\n<\/div>\n<!-- end Image Zoom Content Box -->\t\t<\/div>\n\t\t\t\t<\/div>\n\t\t\t\t<\/div>\n\t\t<div class=\"elementor-element elementor-element-8c0e758 e-con-full e-flex e-con e-child\" data-id=\"8c0e758\" data-element_type=\"container\">\n\t\t\t\t<div class=\"elementor-element elementor-element-9969f15 elementor-widget elementor-widget-ucaddon_image_zoom_content_box\" data-id=\"9969f15\" data-element_type=\"widget\" data-widget_type=\"ucaddon_image_zoom_content_box.default\">\n\t\t\t\t<div class=\"elementor-widget-container\">\n\t\t\t\n<!-- start Image Zoom Content Box -->\n<style>\/* widget: Image Zoom Content Box *\/\n\n.uc_content_box_zoom_effect *{\n\tpadding: 0;\n}\n#uc_image_zoom_content_box_elementor_9969f15 {\n\tbackground-color: #fff;\n\ttransition: all 0.8s ease 0s;\n    overflow:hidden;\n    display:flex;\n}\n\n.uc_content_box_zoom_effect:hover .uc_image {\n\ttransition: all 0.8s ease 0s;\n}\n\n.uc_content_box_zoom_effect .uc_thumbnail {\n\tdisplay: block;\n\toverflow: hidden;\n\ttext-decoration: none;\n    flex-shrink:0;\n    flex-grow:0;\n  \n}\n#uc_image_zoom_content_box_elementor_9969f15 .uc_image {\n\twidth: 100%;\n\ttransition: all 0.8s ease 0s;\n    mix-blend-mode: normal;\n    object-position: center center;\n    display:block;\n}\n.uc_content_box_zoom_effect .uc_title {\n\tdisplay: block;\n\tfont-size: 24px;\n\ttext-decoration: none;\n}\n.uc_content_box_zoom_effect .uc_content {\n\tline-height:1.5em;\n    \n}\n#uc_image_zoom_content_box_elementor_9969f15 .uc_more {\n\tdisplay: ;\n\tcolor: #ffffff;\n\ttext-decoration: none;\n    background-color:#5e5e5e;\n   \n}\n\n#uc_image_zoom_content_box_elementor_9969f15 .uc_more:hover {\n    background-color:#000000;\n    color:#ffffff;\n}\n\n#uc_image_zoom_content_box_elementor_9969f15 .uc_content_box_zoom_effect_image\n{\nobject-fit:cover;\n}\n\n<\/style>\n\n<div class=\"uc_content_box_zoom_effect ue-box ue-boxcolumn\" id=\"uc_image_zoom_content_box_elementor_9969f15\"> \n  \n  \n    <div class=\"uc_thumbnail\">\n      <a href=\"https:\/\/vallentindressage.dk\/klargoering-til-hingstekaaring-og-hoppekaaring\/\" >  \t      <img decoding=\"async\" class=\"uc_image uc_content_box_zoom_effect_image\" src=\"https:\/\/vallentindressage.dk\/wp-content\/uploads\/2024\/09\/Billede-til-vi-tilbyder-Vallentin-Dressage-Klargoering-til-hingstekaaring-og-Hoppekaaring-1.jpeg\"  src=\"https:\/\/vallentindressage.dk\/wp-content\/uploads\/2024\/09\/Billede-til-vi-tilbyder-Vallentin-Dressage-Klargoering-til-hingstekaaring-og-Hoppekaaring-1.jpeg\" alt=\"Billede til vi tilbyder Vallentin Dressage Klarg\u00f8ring til hingstek\u00e5ring og Hoppek\u00e5ring\" width=\"647\" height=\"547\" \/>\n      <\/a>    <\/div>\n  \n  \n  <div class=\"uc_content_box_zoom_effect_content\">\n             <a href=\"https:\/\/vallentindressage.dk\/klargoering-til-hingstekaaring-og-hoppekaaring\/\" >                   <h2 class=\"uc_title\"> Preparation for Licensing<\/h2>\n        <\/a>        <div class=\"uc_content\" style=\"text-align:center;\"><p>Read more<\/p>\n<\/div>      <\/div>\n<\/div>\n<!-- end Image Zoom Content Box -->\t\t<\/div>\n\t\t\t\t<\/div>\n\t\t\t\t<\/div>\n\t\t\t\t<\/div>\n\t\t<div class=\"elementor-element elementor-element-b2efcc9 e-con-full e-flex e-con e-child\" data-id=\"b2efcc9\" data-element_type=\"container\">\n\t\t<div class=\"elementor-element elementor-element-ac482cf e-con-full e-flex e-con e-child\" data-id=\"ac482cf\" data-element_type=\"container\">\n\t\t\t\t<div class=\"elementor-element elementor-element-26c3a67 elementor-widget elementor-widget-ucaddon_image_zoom_content_box\" data-id=\"26c3a67\" data-element_type=\"widget\" data-widget_type=\"ucaddon_image_zoom_content_box.default\">\n\t\t\t\t<div class=\"elementor-widget-container\">\n\t\t\t\n<!-- start Image Zoom Content Box -->\n<style>\/* widget: Image Zoom Content Box *\/\n\n.uc_content_box_zoom_effect *{\n\tpadding: 0;\n}\n#uc_image_zoom_content_box_elementor_26c3a67 {\n\tbackground-color: #fff;\n\ttransition: all 0.8s ease 0s;\n    overflow:hidden;\n    display:flex;\n}\n\n.uc_content_box_zoom_effect:hover .uc_image {\n\ttransition: all 0.8s ease 0s;\n}\n\n.uc_content_box_zoom_effect .uc_thumbnail {\n\tdisplay: block;\n\toverflow: hidden;\n\ttext-decoration: none;\n    flex-shrink:0;\n    flex-grow:0;\n  \n}\n#uc_image_zoom_content_box_elementor_26c3a67 .uc_image {\n\twidth: 100%;\n\ttransition: all 0.8s ease 0s;\n    mix-blend-mode: normal;\n    object-position: center center;\n    display:block;\n}\n.uc_content_box_zoom_effect .uc_title {\n\tdisplay: block;\n\tfont-size: 24px;\n\ttext-decoration: none;\n}\n.uc_content_box_zoom_effect .uc_content {\n\tline-height:1.5em;\n    \n}\n#uc_image_zoom_content_box_elementor_26c3a67 .uc_more {\n\tdisplay: ;\n\tcolor: #ffffff;\n\ttext-decoration: none;\n    background-color:#5e5e5e;\n   \n}\n\n#uc_image_zoom_content_box_elementor_26c3a67 .uc_more:hover {\n    background-color:#000000;\n    color:#ffffff;\n}\n\n#uc_image_zoom_content_box_elementor_26c3a67 .uc_content_box_zoom_effect_image\n{\nobject-fit:cover;\n}\n\n<\/style>\n\n<div class=\"uc_content_box_zoom_effect ue-box ue-boxcolumn\" id=\"uc_image_zoom_content_box_elementor_26c3a67\"> \n  \n  \n    <div class=\"uc_thumbnail\">\n      <a href=\"https:\/\/vallentindressage.dk\/opstaldning-af-foel-og-plage\/\" >  \t      <img loading=\"lazy\" decoding=\"async\" class=\"uc_image uc_content_box_zoom_effect_image\" src=\"https:\/\/vallentindressage.dk\/wp-content\/uploads\/2024\/11\/IMG_3386.jpeg\"  src=\"https:\/\/vallentindressage.dk\/wp-content\/uploads\/2024\/11\/IMG_3386.jpeg\" alt=\"IMG_3386\" width=\"720\" height=\"960\" \/>\n      <\/a>    <\/div>\n  \n  \n  <div class=\"uc_content_box_zoom_effect_content\">\n             <a href=\"https:\/\/vallentindressage.dk\/opstaldning-af-foel-og-plage\/\" >                   <h2 class=\"uc_title\">Boarding of Foals and Young Horses<\/h2>\n        <\/a>        <div class=\"uc_content\" style=\"text-align:center;\"><p>Read more<\/p>\n<\/div>      <\/div>\n<\/div>\n<!-- end Image Zoom Content Box -->\t\t<\/div>\n\t\t\t\t<\/div>\n\t\t\t\t<\/div>\n\t\t\t\t<\/div>\n\t\t\t\t\t<\/div>\n\t\t\t\t<\/div>\n\t\t\t\t<\/div>\n\t\t","protected":false},"excerpt":{"rendered":"<p>We Offer Riding\/Commission Read more Training\/Course Read more Preparation for Licensing Read more Boarding of Foals and Young Horses Read more<\/p>\n","protected":false},"author":5,"featured_media":0,"parent":0,"menu_order":1001,"comment_status":"closed","ping_status":"closed","template":"","meta":{"_acf_changed":false,"footnotes":""},"categories":[],"class_list":["post-9969","page","type-page","status-publish"],"acf":[],"yoast_head":"<!-- This site is optimized with the Yoast SEO plugin v27.4 - https:\/\/yoast.com\/product\/yoast-seo-wordpress\/ -->\n<title>We Offer | Vallentin Dressage<\/title>\n<meta name=\"robots\" content=\"index, follow, max-snippet:-1, max-image-preview:large, max-video-preview:-1\" \/>\n<link rel=\"canonical\" href=\"https:\/\/vallentindressage.dk\/en\/we-offer\/\" \/>\n<meta property=\"og:locale\" content=\"en_US\" \/>\n<meta property=\"og:type\" content=\"article\" \/>\n<meta property=\"og:title\" content=\"We Offer | Vallentin Dressage\" \/>\n<meta property=\"og:description\" content=\"We Offer Riding\/Commission Read more Training\/Course Read more Preparation for Licensing Read more Boarding of Foals and Young Horses Read more\" \/>\n<meta property=\"og:url\" content=\"https:\/\/vallentindressage.dk\/en\/we-offer\/\" \/>\n<meta property=\"og:site_name\" content=\"Vallentin Dressage\" \/>\n<meta property=\"article:modified_time\" content=\"2025-01-10T09:59:40+00:00\" \/>\n<meta property=\"og:image\" content=\"https:\/\/vallentindressage.dk\/wp-content\/uploads\/2024\/11\/Picture3-768x511.jpg\" \/>\n<meta name=\"twitter:card\" content=\"summary_large_image\" \/>\n<script type=\"application\/ld+json\" class=\"yoast-schema-graph\">{\"@context\":\"https:\\\/\\\/schema.org\",\"@graph\":[{\"@type\":\"WebPage\",\"@id\":\"https:\\\/\\\/vallentindressage.dk\\\/en\\\/we-offer\\\/\",\"url\":\"https:\\\/\\\/vallentindressage.dk\\\/en\\\/we-offer\\\/\",\"name\":\"We Offer | Vallentin Dressage\",\"isPartOf\":{\"@id\":\"https:\\\/\\\/vallentindressage.webserver10.dk\\\/#website\"},\"primaryImageOfPage\":{\"@id\":\"https:\\\/\\\/vallentindressage.dk\\\/en\\\/we-offer\\\/#primaryimage\"},\"image\":{\"@id\":\"https:\\\/\\\/vallentindressage.dk\\\/en\\\/we-offer\\\/#primaryimage\"},\"thumbnailUrl\":\"https:\\\/\\\/vallentindressage.dk\\\/wp-content\\\/uploads\\\/2024\\\/11\\\/Picture3-768x511.jpg\",\"datePublished\":\"2024-09-09T11:13:03+00:00\",\"dateModified\":\"2025-01-10T09:59:40+00:00\",\"breadcrumb\":{\"@id\":\"https:\\\/\\\/vallentindressage.dk\\\/en\\\/we-offer\\\/#breadcrumb\"},\"inLanguage\":\"en-US\",\"potentialAction\":[{\"@type\":\"ReadAction\",\"target\":[\"https:\\\/\\\/vallentindressage.dk\\\/en\\\/we-offer\\\/\"]}]},{\"@type\":\"ImageObject\",\"inLanguage\":\"en-US\",\"@id\":\"https:\\\/\\\/vallentindressage.dk\\\/en\\\/we-offer\\\/#primaryimage\",\"url\":\"https:\\\/\\\/vallentindressage.dk\\\/wp-content\\\/uploads\\\/2024\\\/11\\\/Picture3-768x511.jpg\",\"contentUrl\":\"https:\\\/\\\/vallentindressage.dk\\\/wp-content\\\/uploads\\\/2024\\\/11\\\/Picture3-768x511.jpg\"},{\"@type\":\"BreadcrumbList\",\"@id\":\"https:\\\/\\\/vallentindressage.dk\\\/en\\\/we-offer\\\/#breadcrumb\",\"itemListElement\":[{\"@type\":\"ListItem\",\"position\":1,\"name\":\"Forside\",\"item\":\"https:\\\/\\\/vallentindressage.dk\\\/en\\\/\"},{\"@type\":\"ListItem\",\"position\":2,\"name\":\"We Offer\"}]},{\"@type\":\"WebSite\",\"@id\":\"https:\\\/\\\/vallentindressage.webserver10.dk\\\/#website\",\"url\":\"https:\\\/\\\/vallentindressage.webserver10.dk\\\/\",\"name\":\"Vallentin Dressage\",\"description\":\"Vallentin Dressage\",\"publisher\":{\"@id\":\"https:\\\/\\\/vallentindressage.webserver10.dk\\\/#organization\"},\"potentialAction\":[{\"@type\":\"SearchAction\",\"target\":{\"@type\":\"EntryPoint\",\"urlTemplate\":\"https:\\\/\\\/vallentindressage.webserver10.dk\\\/?s={search_term_string}\"},\"query-input\":{\"@type\":\"PropertyValueSpecification\",\"valueRequired\":true,\"valueName\":\"search_term_string\"}}],\"inLanguage\":\"en-US\"},{\"@type\":\"Organization\",\"@id\":\"https:\\\/\\\/vallentindressage.webserver10.dk\\\/#organization\",\"name\":\"Vallentin Dressage\",\"url\":\"https:\\\/\\\/vallentindressage.webserver10.dk\\\/\",\"logo\":{\"@type\":\"ImageObject\",\"inLanguage\":\"en-US\",\"@id\":\"https:\\\/\\\/vallentindressage.webserver10.dk\\\/#\\\/schema\\\/logo\\\/image\\\/\",\"url\":\"https:\\\/\\\/vallentindressage.dk\\\/wp-content\\\/uploads\\\/2024\\\/09\\\/logo_4.png\",\"contentUrl\":\"https:\\\/\\\/vallentindressage.dk\\\/wp-content\\\/uploads\\\/2024\\\/09\\\/logo_4.png\",\"width\":250,\"height\":187,\"caption\":\"Vallentin Dressage\"},\"image\":{\"@id\":\"https:\\\/\\\/vallentindressage.webserver10.dk\\\/#\\\/schema\\\/logo\\\/image\\\/\"}}]}<\/script>\n<!-- \/ Yoast SEO plugin. -->","yoast_head_json":{"title":"We Offer | Vallentin Dressage","robots":{"index":"index","follow":"follow","max-snippet":"max-snippet:-1","max-image-preview":"max-image-preview:large","max-video-preview":"max-video-preview:-1"},"canonical":"https:\/\/vallentindressage.dk\/en\/we-offer\/","og_locale":"en_US","og_type":"article","og_title":"We Offer | Vallentin Dressage","og_description":"We Offer Riding\/Commission Read more Training\/Course Read more Preparation for Licensing Read more Boarding of Foals and Young Horses Read more","og_url":"https:\/\/vallentindressage.dk\/en\/we-offer\/","og_site_name":"Vallentin Dressage","article_modified_time":"2025-01-10T09:59:40+00:00","og_image":[{"url":"https:\/\/vallentindressage.dk\/wp-content\/uploads\/2024\/11\/Picture3-768x511.jpg","type":"","width":"","height":""}],"twitter_card":"summary_large_image","schema":{"@context":"https:\/\/schema.org","@graph":[{"@type":"WebPage","@id":"https:\/\/vallentindressage.dk\/en\/we-offer\/","url":"https:\/\/vallentindressage.dk\/en\/we-offer\/","name":"We Offer | Vallentin Dressage","isPartOf":{"@id":"https:\/\/vallentindressage.webserver10.dk\/#website"},"primaryImageOfPage":{"@id":"https:\/\/vallentindressage.dk\/en\/we-offer\/#primaryimage"},"image":{"@id":"https:\/\/vallentindressage.dk\/en\/we-offer\/#primaryimage"},"thumbnailUrl":"https:\/\/vallentindressage.dk\/wp-content\/uploads\/2024\/11\/Picture3-768x511.jpg","datePublished":"2024-09-09T11:13:03+00:00","dateModified":"2025-01-10T09:59:40+00:00","breadcrumb":{"@id":"https:\/\/vallentindressage.dk\/en\/we-offer\/#breadcrumb"},"inLanguage":"en-US","potentialAction":[{"@type":"ReadAction","target":["https:\/\/vallentindressage.dk\/en\/we-offer\/"]}]},{"@type":"ImageObject","inLanguage":"en-US","@id":"https:\/\/vallentindressage.dk\/en\/we-offer\/#primaryimage","url":"https:\/\/vallentindressage.dk\/wp-content\/uploads\/2024\/11\/Picture3-768x511.jpg","contentUrl":"https:\/\/vallentindressage.dk\/wp-content\/uploads\/2024\/11\/Picture3-768x511.jpg"},{"@type":"BreadcrumbList","@id":"https:\/\/vallentindressage.dk\/en\/we-offer\/#breadcrumb","itemListElement":[{"@type":"ListItem","position":1,"name":"Forside","item":"https:\/\/vallentindressage.dk\/en\/"},{"@type":"ListItem","position":2,"name":"We Offer"}]},{"@type":"WebSite","@id":"https:\/\/vallentindressage.webserver10.dk\/#website","url":"https:\/\/vallentindressage.webserver10.dk\/","name":"Vallentin Dressage","description":"Vallentin Dressage","publisher":{"@id":"https:\/\/vallentindressage.webserver10.dk\/#organization"},"potentialAction":[{"@type":"SearchAction","target":{"@type":"EntryPoint","urlTemplate":"https:\/\/vallentindressage.webserver10.dk\/?s={search_term_string}"},"query-input":{"@type":"PropertyValueSpecification","valueRequired":true,"valueName":"search_term_string"}}],"inLanguage":"en-US"},{"@type":"Organization","@id":"https:\/\/vallentindressage.webserver10.dk\/#organization","name":"Vallentin Dressage","url":"https:\/\/vallentindressage.webserver10.dk\/","logo":{"@type":"ImageObject","inLanguage":"en-US","@id":"https:\/\/vallentindressage.webserver10.dk\/#\/schema\/logo\/image\/","url":"https:\/\/vallentindressage.dk\/wp-content\/uploads\/2024\/09\/logo_4.png","contentUrl":"https:\/\/vallentindressage.dk\/wp-content\/uploads\/2024\/09\/logo_4.png","width":250,"height":187,"caption":"Vallentin Dressage"},"image":{"@id":"https:\/\/vallentindressage.webserver10.dk\/#\/schema\/logo\/image\/"}}]}},"_links":{"self":[{"href":"https:\/\/vallentindressage.dk\/en\/wp-json\/wp\/v2\/pages\/9969","targetHints":{"allow":["GET"]}}],"collection":[{"href":"https:\/\/vallentindressage.dk\/en\/wp-json\/wp\/v2\/pages"}],"about":[{"href":"https:\/\/vallentindressage.dk\/en\/wp-json\/wp\/v2\/types\/page"}],"author":[{"embeddable":true,"href":"https:\/\/vallentindressage.dk\/en\/wp-json\/wp\/v2\/users\/5"}],"replies":[{"embeddable":true,"href":"https:\/\/vallentindressage.dk\/en\/wp-json\/wp\/v2\/comments?post=9969"}],"version-history":[{"count":1,"href":"https:\/\/vallentindressage.dk\/en\/wp-json\/wp\/v2\/pages\/9969\/revisions"}],"predecessor-version":[{"id":9970,"href":"https:\/\/vallentindressage.dk\/en\/wp-json\/wp\/v2\/pages\/9969\/revisions\/9970"}],"wp:attachment":[{"href":"https:\/\/vallentindressage.dk\/en\/wp-json\/wp\/v2\/media?parent=9969"}],"wp:term":[{"taxonomy":"category","embeddable":true,"href":"https:\/\/vallentindressage.dk\/en\/wp-json\/wp\/v2\/categories?post=9969"}],"curies":[{"name":"wp","href":"https:\/\/api.w.org\/{rel}","templated":true}]}}